{"id":113,"date":"2016-12-15T20:13:18","date_gmt":"2016-12-15T19:13:18","guid":{"rendered":"http:\/\/www.yves-salmon.org\/?page_id=113"},"modified":"2021-09-08T18:17:24","modified_gmt":"2021-09-08T16:17:24","slug":"breves","status":"publish","type":"page","link":"https:\/\/www.yves-salmon.org\/?page_id=113","title":{"rendered":"Br\u00e8ves"},"content":{"rendered":"<h3>L&#8217;\u00e9galit\u00e9, n&#8217;est pas l&#8217;\u00e9quit\u00e9.<\/h3>\n<p>Les communistes en leurs temps ont r\u00eav\u00e9 d&#8217;\u00e9galit\u00e9. L&#8217;\u00e9chec humain des syst\u00e8mes communistes appel un constat : dans un syst\u00e8me o\u00f9 tout le monde voit son revenu dissoci\u00e9 de ses efforts, le gain maximum revient \u00e0 celui qui en fait le moins. Travailler moins pour gagner plus est une strat\u00e9gie efficace au niveau individuelle &#8230; et d\u00e9sastreuse au niveau collectif. Travailler plus pour gagner plus ou bien travailler moins (et donc \u00eatre disponible pour d&#8217;autres choses que le travail) et gagner moins sont plus \u00e9quitables. Engagement, comp\u00e9tence, efficacit\u00e9 doivent \u00eatre en relation avec la r\u00e9mun\u00e9ration, c&#8217;est cela l&#8217;\u00e9quit\u00e9.<\/p>\n<h3>La lutte des classes. Quelles classes ?<\/h3>\n<p>Aux deux classes traditionnelles (actionnaires et salari\u00e9s), il faut en ajouter une troisi\u00e8me : les dirigeants. Parfois salari\u00e9s, parfois actionnaires, souvent les deux, ils sont donc \u00e0 la fronti\u00e8re. Ni dans un camps, ni dans l&#8217;autre, ils sont une singularit\u00e9 et forme un groupe aux contraintes et int\u00e9r\u00eats propres. Ils sont normalement les gardiens de l&#8217;\u00e9quilibre entre Travail et Capital. Mais qui surveille les gardiens ?<\/p>\n<h3>L&#8217;in\u00e9galit\u00e9 n&#8217;est pas durable.<\/h3>\n<p>Le pouvoir du capital est de s&#8217;autog\u00e9n\u00e9rer. Il s&#8217;accumule, se concentre par le fait de l&#8217;intelligence de ceux qui l&#8217;emploi, certes, mais aussi par le contr\u00f4le qu&#8217;il exerce sur l&#8217;entreprise, en particulier sur la r\u00e9partition des profits. Il a un pouvoir cr\u00e9ateur lorsqu&#8217;il saisi les opportunit\u00e9s offertes par des avanc\u00e9es technologiques, mais aussi destructeur lorsqu&#8217;il \u00e9touffe une concurrence naissante dans le seul but de maintenir sa position dominante.\u00a0 Trop r\u00e9gul\u00e9, le capital est brid\u00e9 dans sa capacit\u00e9 \u00e0 faire \u00e9voluer le progr\u00e8s. Pas assez, il devient rapidement sauvage et destructeur. Trop puissant, il prend le contr\u00f4le de la politique, de la soci\u00e9t\u00e9 civile et de ses droits r\u00e9galiens : la police et la guerre. Le capitalisme sauvage entraine corruption, n\u00e9potisme, injustice et in\u00e9galit\u00e9. Que l&#8217;on regarde l&#8217;histoire avec ses monarchies, ses aristocraties, ses clerg\u00e9s, ses dictatures et l&#8217;on trouve toujours la concentration excessive du capital entre quelques mains qui permet de financer les arm\u00e9es et les polices dans le but de maintenir, par la r\u00e9pression, la panoptique et la peur, le pouvoir de quelques uns sur la multitude.<br \/>\nIl existe une mesure du niveau d&#8217;\u00e9galit\u00e9 d&#8217;une soci\u00e9t\u00e9 : <a href=\"https:\/\/fr.wikipedia.org\/wiki\/Coefficient_de_Gini\">le coefficient de Gini<\/a>. C&#8217;est un parfait indicateur des conflits pass\u00e9s et \u00e0 venir. Car lorsqu&#8217;un nombre trop important de gens n&#8217;ont rien et que leur vie s&#8217;en trouve menac\u00e9e, alors ils n&#8217;ont vraiment plus rien \u00e0 perdre. La r\u00e9volution, le chaos et la destruction de l&#8217;ordre \u00e9tabli sont les seules solutions qui leur restent pour esp\u00e9rer un avenir meilleur.<br \/>\nDans l&#8217;int\u00e9r\u00eat de la collectivit\u00e9, il faut un capitalisme &#8220;durable&#8221;, aussi libre qu&#8217;il peut l&#8217;\u00eatre sous le regard des institutions et le contr\u00f4le de la collectivit\u00e9 et aussi in\u00e9galitaire qu&#8217;il doit l&#8217;\u00eatre pour en tirer tous les avantages et en \u00e9viter toutes les d\u00e9rives.<br \/>\nL&#8217;exc\u00e8s d&#8217;in\u00e9galit\u00e9, comme l&#8217;exc\u00e8s d&#8217;\u00e9galit\u00e9, n&#8217;est pas durable. Seule l&#8217;\u00e9quit\u00e9 le sera. L&#8217;histoire et les sciences \u00e9conomiques sont l\u00e0 pour nous guider dans la recherche de cet \u00e9quilibre.<\/p>\n<p>&nbsp;<\/p>\n","protected":false},"excerpt":{"rendered":"<p>L&#8217;\u00e9galit\u00e9, n&#8217;est pas l&#8217;\u00e9quit\u00e9. Les communistes en leurs temps ont r\u00eav\u00e9 d&#8217;\u00e9galit\u00e9. L&#8217;\u00e9chec humain des syst\u00e8mes communistes appel un constat : dans un syst\u00e8me o\u00f9&#8230;<\/p>\n","protected":false},"author":1,"featured_media":0,"parent":0,"menu_order":0,"comment_status":"closed","ping_status":"closed","template":"","meta":{"footnotes":""},"class_list":["post-113","page","type-page","status-publish","hentry"],"_links":{"self":[{"href":"https:\/\/www.yves-salmon.org\/index.php?rest_route=\/wp\/v2\/pages\/113","targetHints":{"allow":["GET"]}}],"collection":[{"href":"https:\/\/www.yves-salmon.org\/index.php?rest_route=\/wp\/v2\/pages"}],"about":[{"href":"https:\/\/www.yves-salmon.org\/index.php?rest_route=\/wp\/v2\/types\/page"}],"author":[{"embeddable":true,"href":"https:\/\/www.yves-salmon.org\/index.php?rest_route=\/wp\/v2\/users\/1"}],"replies":[{"embeddable":true,"href":"https:\/\/www.yves-salmon.org\/index.php?rest_route=%2Fwp%2Fv2%2Fcomments&post=113"}],"version-history":[{"count":12,"href":"https:\/\/www.yves-salmon.org\/index.php?rest_route=\/wp\/v2\/pages\/113\/revisions"}],"predecessor-version":[{"id":483,"href":"https:\/\/www.yves-salmon.org\/index.php?rest_route=\/wp\/v2\/pages\/113\/revisions\/483"}],"wp:attachment":[{"href":"https:\/\/www.yves-salmon.org\/index.php?rest_route=%2Fwp%2Fv2%2Fmedia&parent=113"}],"curies":[{"name":"wp","href":"https:\/\/api.w.org\/{rel}","templated":true}]}}