{"id":203,"date":"2017-04-15T15:05:24","date_gmt":"2017-04-15T13:05:24","guid":{"rendered":"http:\/\/www.yves-salmon.org\/?page_id=203"},"modified":"2017-04-15T15:20:54","modified_gmt":"2017-04-15T13:20:54","slug":"label-entreprise-colaboractive","status":"publish","type":"page","link":"https:\/\/www.yves-salmon.org\/?page_id=203","title":{"rendered":"Label Entreprise CollaborActive"},"content":{"rendered":"<p>Un label pour orienter le capital vers des entreprise CollaborActives.<\/p>\n<p>Pour obtenir ce label renouvelable tous les ans l&#8217;entreprise doit :<\/p>\n<ul>\n<li>sur chacun des 3 dernier exercices, (si cr\u00e9ation sup\u00e9rieure \u00e0 3 ans)<\/li>\n<li>Avoir un capital d\u00e9tenu \u00e0 hauteur de 15% minimum par ses collaborateurs ET<\/li>\n<li>Avoir au moins 70% de ses collaborateurs actionnaires de l&#8217;entreprise ET<\/li>\n<li>Que ces collaborateurs d\u00e9tiennent au moins l&#8217;\u00e9quivalent de 1,5 mois de salaire annuel moyen en actions de l&#8217;entreprise.<\/li>\n<li>Avoir un coefficient de GINI de ses r\u00e9mun\u00e9rations inf\u00e9rieur \u00e0 0.3.\n<ul>\n<li>La France est globalement \u00e0 0.32, la Su\u00e8de (le plus \u00e9galitaire) \u00e0 0.25 dans le classement de la Banque Mondiale<\/li>\n<\/ul>\n<\/li>\n<\/ul>\n<p>Pour contr\u00f4ler cela, l&#8217;entreprise s&#8217;engage tous les ans dans les 3 mois qui suivent la cl\u00f4ture de ses comptes :<\/p>\n<ul>\n<li>A faire parvenir une liste anonymis\u00e9e et certifi\u00e9e (CAC) des collaborateurs indiquant pour chacun :\n<ul>\n<li>Sa r\u00e9mun\u00e9rations globale (Salaire, participation, int\u00e9ressement, attribution d&#8217;actions gratuites, primes, jetons de pr\u00e9sence&#8230;) et le nombre d&#8217;actions (ou d&#8217;\u00e9quivalent d&#8217;actions en cas de BSPCE, de stock-option, etc.) qu&#8217;il d\u00e9tient.<\/li>\n<\/ul>\n<\/li>\n<\/ul>\n<p>Ce label peut servir comme base \u00e0 la s\u00e9lection de titres dans le cadre d&#8217;un Fond d&#8217;investissement de type <a href=\"https:\/\/fr.wikipedia.org\/wiki\/Fonds_commun_de_placement\">FCPR, FPCI, FCPI, FIP &#8230;<\/a> \u00e9ligible \u00e9ventuellement au PEA\/PME.<\/p>\n","protected":false},"excerpt":{"rendered":"<p>Un label pour orienter le capital vers des entreprise CollaborActives. Pour obtenir ce label renouvelable tous les ans l&#8217;entreprise doit : sur chacun des 3&#8230;<\/p>\n","protected":false},"author":1,"featured_media":0,"parent":0,"menu_order":0,"comment_status":"closed","ping_status":"closed","template":"","meta":{"footnotes":""},"class_list":["post-203","page","type-page","status-publish","hentry"],"_links":{"self":[{"href":"https:\/\/www.yves-salmon.org\/index.php?rest_route=\/wp\/v2\/pages\/203","targetHints":{"allow":["GET"]}}],"collection":[{"href":"https:\/\/www.yves-salmon.org\/index.php?rest_route=\/wp\/v2\/pages"}],"about":[{"href":"https:\/\/www.yves-salmon.org\/index.php?rest_route=\/wp\/v2\/types\/page"}],"author":[{"embeddable":true,"href":"https:\/\/www.yves-salmon.org\/index.php?rest_route=\/wp\/v2\/users\/1"}],"replies":[{"embeddable":true,"href":"https:\/\/www.yves-salmon.org\/index.php?rest_route=%2Fwp%2Fv2%2Fcomments&post=203"}],"version-history":[{"count":6,"href":"https:\/\/www.yves-salmon.org\/index.php?rest_route=\/wp\/v2\/pages\/203\/revisions"}],"predecessor-version":[{"id":210,"href":"https:\/\/www.yves-salmon.org\/index.php?rest_route=\/wp\/v2\/pages\/203\/revisions\/210"}],"wp:attachment":[{"href":"https:\/\/www.yves-salmon.org\/index.php?rest_route=%2Fwp%2Fv2%2Fmedia&parent=203"}],"curies":[{"name":"wp","href":"https:\/\/api.w.org\/{rel}","templated":true}]}}